{"id":2192,"date":"2021-04-12T13:37:15","date_gmt":"2021-04-12T10:37:15","guid":{"rendered":"https:\/\/sanazarman.com\/communication\/"},"modified":"2022-10-13T21:18:30","modified_gmt":"2022-10-13T18:18:30","slug":"communication","status":"publish","type":"page","link":"https:\/\/sanazarman.com\/en\/communication\/","title":{"rendered":"Communication"},"content":{"rendered":"\t\t<div data-elementor-type=\"wp-page\" data-elementor-id=\"2192\" class=\"elementor elementor-2192\">\n\t\t\t\t\t\t\t\t\t<section class=\"elementor-section elementor-top-section elementor-element elementor-element-f609929 elementor-section-boxed elementor-section-height-default elementor-section-height-default\" data-id=\"f609929\" data-element_type=\"section\" data-settings=\"{&quot;background_background&quot;:&quot;classic&quot;}\">\n\t\t\t\t\t\t<div class=\"elementor-container elementor-column-gap-no\">\n\t\t\t\t\t<div class=\"elementor-column elementor-col-100 elementor-top-column elementor-element elementor-element-f92d138\" data-id=\"f92d138\" data-element_type=\"column\">\n\t\t\t<div class=\"elementor-widget-wrap elementor-element-populated\">\n\t\t\t\t\t\t\t\t<div class=\"elementor-element elementor-element-52bcd0e elementor-widget elementor-widget-heading\" data-id=\"52bcd0e\" data-element_type=\"widget\" data-widget_type=\"heading.default\">\n\t\t\t\t<div class=\"elementor-widget-container\">\n\t\t\t<style>\/*! elementor - v3.7.8 - 02-10-2022 *\/\n.elementor-heading-title{padding:0;margin:0;line-height:1}.elementor-widget-heading .elementor-heading-title[class*=elementor-size-]>a{color:inherit;font-size:inherit;line-height:inherit}.elementor-widget-heading .elementor-heading-title.elementor-size-small{font-size:15px}.elementor-widget-heading .elementor-heading-title.elementor-size-medium{font-size:19px}.elementor-widget-heading .elementor-heading-title.elementor-size-large{font-size:29px}.elementor-widget-heading .elementor-heading-title.elementor-size-xl{font-size:39px}.elementor-widget-heading .elementor-heading-title.elementor-size-xxl{font-size:59px}<\/style><h1 class=\"elementor-heading-title elementor-size-default\">Communication<\/h1>\t\t<\/div>\n\t\t\t\t<\/div>\n\t\t\t\t\t<\/div>\n\t\t<\/div>\n\t\t\t\t\t\t\t<\/div>\n\t\t<\/section>\n\t\t\t\t<section class=\"elementor-section elementor-top-section elementor-element elementor-element-6845647 elementor-section-boxed elementor-section-height-default elementor-section-height-default\" data-id=\"6845647\" data-element_type=\"section\" data-settings=\"{&quot;background_background&quot;:&quot;classic&quot;}\">\n\t\t\t\t\t\t<div class=\"elementor-container elementor-column-gap-no\">\n\t\t\t\t\t<div class=\"elementor-column elementor-col-66 elementor-top-column elementor-element elementor-element-196d2a8\" data-id=\"196d2a8\" data-element_type=\"column\">\n\t\t\t<div class=\"elementor-widget-wrap elementor-element-populated\">\n\t\t\t\t\t\t\t\t<div class=\"elementor-element elementor-element-05bd85e elementor-position-left elementor-vertical-align-top elementor-widget elementor-widget-image-box\" data-id=\"05bd85e\" data-element_type=\"widget\" data-widget_type=\"image-box.default\">\n\t\t\t\t<div class=\"elementor-widget-container\">\n\t\t\t<style>\/*! elementor - v3.7.8 - 02-10-2022 *\/\n.elementor-widget-image-box .elementor-image-box-content{width:100%}@media (min-width:768px){.elementor-widget-image-box.elementor-position-left .elementor-image-box-wrapper,.elementor-widget-image-box.elementor-position-right .elementor-image-box-wrapper{display:-webkit-box;display:-ms-flexbox;display:flex}.elementor-widget-image-box.elementor-position-right .elementor-image-box-wrapper{text-align:right;-webkit-box-orient:horizontal;-webkit-box-direction:reverse;-ms-flex-direction:row-reverse;flex-direction:row-reverse}.elementor-widget-image-box.elementor-position-left .elementor-image-box-wrapper{text-align:left;-webkit-box-orient:horizontal;-webkit-box-direction:normal;-ms-flex-direction:row;flex-direction:row}.elementor-widget-image-box.elementor-position-top .elementor-image-box-img{margin:auto}.elementor-widget-image-box.elementor-vertical-align-top .elementor-image-box-wrapper{-webkit-box-align:start;-ms-flex-align:start;align-items:flex-start}.elementor-widget-image-box.elementor-vertical-align-middle .elementor-image-box-wrapper{-webkit-box-align:center;-ms-flex-align:center;align-items:center}.elementor-widget-image-box.elementor-vertical-align-bottom .elementor-image-box-wrapper{-webkit-box-align:end;-ms-flex-align:end;align-items:flex-end}}@media (max-width:767px){.elementor-widget-image-box .elementor-image-box-img{margin-left:auto!important;margin-right:auto!important;margin-bottom:15px}}.elementor-widget-image-box .elementor-image-box-img{display:inline-block}.elementor-widget-image-box .elementor-image-box-title a{color:inherit}.elementor-widget-image-box .elementor-image-box-wrapper{text-align:center}.elementor-widget-image-box .elementor-image-box-description{margin:0}<\/style><div class=\"elementor-image-box-wrapper\"><div class=\"elementor-image-box-content\"><h2 class=\"elementor-image-box-title\">Contact Us<\/h2><p class=\"elementor-image-box-description\">You can contact us for an appointment and detailed information.<\/p><\/div><\/div>\t\t<\/div>\n\t\t\t\t<\/div>\n\t\t\t\t<div class=\"elementor-element elementor-element-cbd1ee9 elementor-view-stacked elementor-position-left elementor-shape-circle elementor-mobile-position-top elementor-vertical-align-top elementor-widget elementor-widget-icon-box\" data-id=\"cbd1ee9\" data-element_type=\"widget\" data-widget_type=\"icon-box.default\">\n\t\t\t\t<div class=\"elementor-widget-container\">\n\t\t\t<link rel=\"stylesheet\" href=\"https:\/\/sanazarman.com\/wp-content\/plugins\/elementor\/assets\/css\/widget-icon-box.min.css\">\t\t<div class=\"elementor-icon-box-wrapper\">\n\t\t\t\t\t\t<div class=\"elementor-icon-box-icon\">\n\t\t\t\t<span class=\"elementor-icon elementor-animation-\" >\n\t\t\t\t<i aria-hidden=\"true\" class=\"fas fa-map-marker-alt\"><\/i>\t\t\t\t<\/span>\n\t\t\t<\/div>\n\t\t\t\t\t\t<div class=\"elementor-icon-box-content\">\n\t\t\t\t<div class=\"elementor-icon-box-title\">\n\t\t\t\t\t<span  >\n\t\t\t\t\t\t<font color=\"#202124\" face=\"arial, sans-serif\"><span style=\"font-size: 14px; white-space: normal;\">Te\u015fvikiye Mah. Ihlamur Cad. Hac\u0131 Emin Efendi Sk. No:26\/1 Kat:1 D:2 \u015ei\u015fli \u0130stanbul<\/span><\/font>\t\t\t\t\t<\/span>\n\t\t\t\t<\/div>\n\t\t\t\t\t\t\t<\/div>\n\t\t<\/div>\n\t\t\t\t<\/div>\n\t\t\t\t<\/div>\n\t\t\t\t<div class=\"elementor-element elementor-element-bec50ea elementor-view-stacked elementor-position-left elementor-shape-circle elementor-mobile-position-top elementor-vertical-align-top elementor-widget elementor-widget-icon-box\" data-id=\"bec50ea\" data-element_type=\"widget\" data-widget_type=\"icon-box.default\">\n\t\t\t\t<div class=\"elementor-widget-container\">\n\t\t\t\t\t<div class=\"elementor-icon-box-wrapper\">\n\t\t\t\t\t\t<div class=\"elementor-icon-box-icon\">\n\t\t\t\t<a class=\"elementor-icon elementor-animation-\" href=\"tel:+90%20535%20939%2035%2085\">\n\t\t\t\t<i aria-hidden=\"true\" class=\"fas fa-phone\"><\/i>\t\t\t\t<\/a>\n\t\t\t<\/div>\n\t\t\t\t\t\t<div class=\"elementor-icon-box-content\">\n\t\t\t\t<div class=\"elementor-icon-box-title\">\n\t\t\t\t\t<a href=\"tel:+90%20535%20939%2035%2085\" >\n\t\t\t\t\t\t+90 535 939 35 85\t\t\t\t\t<\/a>\n\t\t\t\t<\/div>\n\t\t\t\t\t\t\t<\/div>\n\t\t<\/div>\n\t\t\t\t<\/div>\n\t\t\t\t<\/div>\n\t\t\t\t<div class=\"elementor-element elementor-element-b460278 elementor-view-stacked elementor-position-left elementor-shape-circle elementor-mobile-position-top elementor-vertical-align-top elementor-widget elementor-widget-icon-box\" data-id=\"b460278\" data-element_type=\"widget\" data-widget_type=\"icon-box.default\">\n\t\t\t\t<div class=\"elementor-widget-container\">\n\t\t\t\t\t<div class=\"elementor-icon-box-wrapper\">\n\t\t\t\t\t\t<div class=\"elementor-icon-box-icon\">\n\t\t\t\t<span class=\"elementor-icon elementor-animation-\" >\n\t\t\t\t<i aria-hidden=\"true\" class=\"fas fa-envelope\"><\/i>\t\t\t\t<\/span>\n\t\t\t<\/div>\n\t\t\t\t\t\t<div class=\"elementor-icon-box-content\">\n\t\t\t\t<div class=\"elementor-icon-box-title\">\n\t\t\t\t\t<span  >\n\t\t\t\t\t\tinfo@sanazarman.com\t\t\t\t\t<\/span>\n\t\t\t\t<\/div>\n\t\t\t\t\t\t\t<\/div>\n\t\t<\/div>\n\t\t\t\t<\/div>\n\t\t\t\t<\/div>\n\t\t\t\t\t<\/div>\n\t\t<\/div>\n\t\t\t\t<div class=\"elementor-column elementor-col-33 elementor-top-column elementor-element elementor-element-53bf3ab\" data-id=\"53bf3ab\" data-element_type=\"column\">\n\t\t\t<div class=\"elementor-widget-wrap elementor-element-populated\">\n\t\t\t\t\t\t\t\t<div class=\"elementor-element elementor-element-194e7aa elementor-widget elementor-widget-image\" data-id=\"194e7aa\" data-element_type=\"widget\" data-widget_type=\"image.default\">\n\t\t\t\t<div class=\"elementor-widget-container\">\n\t\t\t<style>\/*! elementor - v3.7.8 - 02-10-2022 *\/\n.elementor-widget-image{text-align:center}.elementor-widget-image a{display:inline-block}.elementor-widget-image a img[src$=\".svg\"]{width:48px}.elementor-widget-image img{vertical-align:middle;display:inline-block}<\/style>\t\t\t\t\t\t\t\t\t\t\t\t<img loading=\"lazy\" decoding=\"async\" width=\"683\" height=\"1024\" src=\"https:\/\/sanazarman.com\/wp-content\/uploads\/2022\/05\/Sanaz-Arman-1-1-683x1024.jpeg\" class=\"attachment-large size-large\" alt=\"Sanaz Arman\" srcset=\"https:\/\/sanazarman.com\/wp-content\/uploads\/2022\/05\/Sanaz-Arman-1-1-683x1024.jpeg 683w, https:\/\/sanazarman.com\/wp-content\/uploads\/2022\/05\/Sanaz-Arman-1-1-200x300.jpeg 200w, https:\/\/sanazarman.com\/wp-content\/uploads\/2022\/05\/Sanaz-Arman-1-1-768x1152.jpeg 768w, https:\/\/sanazarman.com\/wp-content\/uploads\/2022\/05\/Sanaz-Arman-1-1-1024x1536.jpeg 1024w, https:\/\/sanazarman.com\/wp-content\/uploads\/2022\/05\/Sanaz-Arman-1-1.jpeg 1066w\" sizes=\"auto, (max-width: 683px) 100vw, 683px\" \/>\t\t\t\t\t\t\t\t\t\t\t\t\t\t\t<\/div>\n\t\t\t\t<\/div>\n\t\t\t\t\t<\/div>\n\t\t<\/div>\n\t\t\t\t\t\t\t<\/div>\n\t\t<\/section>\n\t\t\t\t<section class=\"elementor-section elementor-top-section elementor-element elementor-element-e6ec298 elementor-hidden-desktop elementor-hidden-tablet elementor-hidden-mobile elementor-section-boxed elementor-section-height-default elementor-section-height-default\" data-id=\"e6ec298\" data-element_type=\"section\" data-settings=\"{&quot;background_background&quot;:&quot;gradient&quot;}\">\n\t\t\t\t\t\t<div class=\"elementor-container elementor-column-gap-default\">\n\t\t\t\t\t<div class=\"elementor-column elementor-col-100 elementor-top-column elementor-element elementor-element-40c0ca2\" data-id=\"40c0ca2\" data-element_type=\"column\">\n\t\t\t<div class=\"elementor-widget-wrap elementor-element-populated\">\n\t\t\t\t\t\t\t\t<div class=\"elementor-element elementor-element-4a7e5fd elementor-widget elementor-widget-google_maps\" data-id=\"4a7e5fd\" data-element_type=\"widget\" data-widget_type=\"google_maps.default\">\n\t\t\t\t<div class=\"elementor-widget-container\">\n\t\t\t<style>\/*! elementor - v3.7.8 - 02-10-2022 *\/\n.elementor-widget-google_maps .elementor-widget-container{overflow:hidden}.elementor-widget-google_maps iframe{height:300px}<\/style>\t\t<div class=\"elementor-custom-embed\">\n\t\t\t<iframe frameborder=\"0\" scrolling=\"no\" marginheight=\"0\" marginwidth=\"0\"\n\t\t\t\t\tsrc=\"https:\/\/maps.google.com\/maps?q=Kordonboyu%20Mahallesi%20Barbaros%20Sokak%20Anlar%20Apt%20No%3A%2016%2C%2034860%20Kartal%2F%C4%B0stanbul&#038;t=m&#038;z=15&#038;output=embed&#038;iwloc=near\"\n\t\t\t\t\ttitle=\"Kordonboyu Mahallesi Barbaros Sokak Anlar Apt No: 16, 34860 Kartal\/\u0130stanbul\"\n\t\t\t\t\taria-label=\"Kordonboyu Mahallesi Barbaros Sokak Anlar Apt No: 16, 34860 Kartal\/\u0130stanbul\"\n\t\t\t><\/iframe>\n\t\t<\/div>\n\t\t\t\t<\/div>\n\t\t\t\t<\/div>\n\t\t\t\t\t<\/div>\n\t\t<\/div>\n\t\t\t\t\t\t\t<\/div>\n\t\t<\/section>\n\t\t\t\t\t\t\t<\/div>\n\t\t","protected":false},"excerpt":{"rendered":"<p>Communication Contact Us You can contact us for an appointment and detailed information. Te\u015fvikiye Mah. Ihlamur Cad. Hac\u0131 Emin Efendi Sk. No:26\/1 Kat:1 D:2 \u015ei\u015fli \u0130stanbul +90 535 939 35 85 info@sanazarman.com<\/p>\n","protected":false},"author":1,"featured_media":0,"parent":0,"menu_order":0,"comment_status":"closed","ping_status":"closed","template":"","meta":{"site-sidebar-layout":"no-sidebar","site-content-layout":"page-builder","ast-main-header-display":"","ast-hfb-above-header-display":"","ast-hfb-below-header-display":"","ast-hfb-mobile-header-display":"","site-post-title":"disabled","ast-breadcrumbs-content":"","ast-featured-img":"disabled","footer-sml-layout":"","theme-transparent-header-meta":"enabled","adv-header-id-meta":"","stick-header-meta":"","header-above-stick-meta":"","header-main-stick-meta":"","header-below-stick-meta":"","footnotes":""},"class_list":["post-2192","page","type-page","status-publish","hentry"],"yoast_head":"<!-- This site is optimized with the Yoast SEO plugin v23.9 - https:\/\/yoast.com\/wordpress\/plugins\/seo\/ -->\n<title>Communication - Sanaz Arman<\/title>\n<meta name=\"robots\" content=\"index, follow, max-snippet:-1, max-image-preview:large, max-video-preview:-1\" \/>\n<link rel=\"canonical\" href=\"https:\/\/sanazarman.com\/en\/communication\/\" \/>\n<meta property=\"og:locale\" content=\"en_US\" \/>\n<meta property=\"og:type\" content=\"article\" \/>\n<meta property=\"og:title\" content=\"Communication - Sanaz Arman\" \/>\n<meta property=\"og:description\" content=\"Communication Contact Us You can contact us for an appointment and detailed information. Te\u015fvikiye Mah. Ihlamur Cad. Hac\u0131 Emin Efendi Sk. No:26\/1 Kat:1 D:2 \u015ei\u015fli \u0130stanbul +90 535 939 35 85 info@sanazarman.com\" \/>\n<meta property=\"og:url\" content=\"https:\/\/sanazarman.com\/en\/communication\/\" \/>\n<meta property=\"og:site_name\" content=\"Sanaz Arman\" \/>\n<meta property=\"article:publisher\" content=\"https:\/\/www.facebook.com\/sanazarmanpermanentmakeup\/?locale=tr_TR\" \/>\n<meta property=\"article:modified_time\" content=\"2022-10-13T18:18:30+00:00\" \/>\n<meta property=\"og:image\" content=\"https:\/\/sanazarman.com\/wp-content\/uploads\/2022\/05\/Sanaz-Arman-1-1-683x1024.jpeg\" \/>\n<meta name=\"twitter:card\" content=\"summary_large_image\" \/>\n<script type=\"application\/ld+json\" class=\"yoast-schema-graph\">{\"@context\":\"https:\/\/schema.org\",\"@graph\":[{\"@type\":\"WebPage\",\"@id\":\"https:\/\/sanazarman.com\/en\/communication\/\",\"url\":\"https:\/\/sanazarman.com\/en\/communication\/\",\"name\":\"Communication - Sanaz Arman\",\"isPartOf\":{\"@id\":\"https:\/\/sanazarman.com\/#website\"},\"primaryImageOfPage\":{\"@id\":\"https:\/\/sanazarman.com\/en\/communication\/#primaryimage\"},\"image\":{\"@id\":\"https:\/\/sanazarman.com\/en\/communication\/#primaryimage\"},\"thumbnailUrl\":\"https:\/\/sanazarman.com\/wp-content\/uploads\/2022\/05\/Sanaz-Arman-1-1-683x1024.jpeg\",\"datePublished\":\"2021-04-12T10:37:15+00:00\",\"dateModified\":\"2022-10-13T18:18:30+00:00\",\"breadcrumb\":{\"@id\":\"https:\/\/sanazarman.com\/en\/communication\/#breadcrumb\"},\"inLanguage\":\"en-US\",\"potentialAction\":[{\"@type\":\"ReadAction\",\"target\":[\"https:\/\/sanazarman.com\/en\/communication\/\"]}]},{\"@type\":\"ImageObject\",\"inLanguage\":\"en-US\",\"@id\":\"https:\/\/sanazarman.com\/en\/communication\/#primaryimage\",\"url\":\"https:\/\/sanazarman.com\/wp-content\/uploads\/2022\/05\/Sanaz-Arman-1-1-683x1024.jpeg\",\"contentUrl\":\"https:\/\/sanazarman.com\/wp-content\/uploads\/2022\/05\/Sanaz-Arman-1-1-683x1024.jpeg\"},{\"@type\":\"BreadcrumbList\",\"@id\":\"https:\/\/sanazarman.com\/en\/communication\/#breadcrumb\",\"itemListElement\":[{\"@type\":\"ListItem\",\"position\":1,\"name\":\"Anasayfa\",\"item\":\"https:\/\/sanazarman.com\/en\/\"},{\"@type\":\"ListItem\",\"position\":2,\"name\":\"Communication\"}]},{\"@type\":\"WebSite\",\"@id\":\"https:\/\/sanazarman.com\/#website\",\"url\":\"https:\/\/sanazarman.com\/\",\"name\":\"Sanaz Arman\",\"description\":\"CONTURE MAKE-UP STUDIO &amp; ACADEMY\",\"publisher\":{\"@id\":\"https:\/\/sanazarman.com\/#organization\"},\"potentialAction\":[{\"@type\":\"SearchAction\",\"target\":{\"@type\":\"EntryPoint\",\"urlTemplate\":\"https:\/\/sanazarman.com\/?s={search_term_string}\"},\"query-input\":{\"@type\":\"PropertyValueSpecification\",\"valueRequired\":true,\"valueName\":\"search_term_string\"}}],\"inLanguage\":\"en-US\"},{\"@type\":\"Organization\",\"@id\":\"https:\/\/sanazarman.com\/#organization\",\"name\":\"Sanaz Arman\",\"url\":\"https:\/\/sanazarman.com\/\",\"logo\":{\"@type\":\"ImageObject\",\"inLanguage\":\"en-US\",\"@id\":\"https:\/\/sanazarman.com\/#\/schema\/logo\/image\/\",\"url\":\"https:\/\/sanazarman.com\/wp-content\/uploads\/2022\/03\/cropped-sanaz-arman.png\",\"contentUrl\":\"https:\/\/sanazarman.com\/wp-content\/uploads\/2022\/03\/cropped-sanaz-arman.png\",\"width\":235,\"height\":100,\"caption\":\"Sanaz Arman\"},\"image\":{\"@id\":\"https:\/\/sanazarman.com\/#\/schema\/logo\/image\/\"},\"sameAs\":[\"https:\/\/www.facebook.com\/sanazarmanpermanentmakeup\/?locale=tr_TR\",\"https:\/\/www.instagram.com\/sanaz_arman_makeup\/\"]}]}<\/script>\n<!-- \/ Yoast SEO plugin. -->","yoast_head_json":{"title":"Communication - Sanaz Arman","robots":{"index":"index","follow":"follow","max-snippet":"max-snippet:-1","max-image-preview":"max-image-preview:large","max-video-preview":"max-video-preview:-1"},"canonical":"https:\/\/sanazarman.com\/en\/communication\/","og_locale":"en_US","og_type":"article","og_title":"Communication - Sanaz Arman","og_description":"Communication Contact Us You can contact us for an appointment and detailed information. Te\u015fvikiye Mah. Ihlamur Cad. Hac\u0131 Emin Efendi Sk. No:26\/1 Kat:1 D:2 \u015ei\u015fli \u0130stanbul +90 535 939 35 85 info@sanazarman.com","og_url":"https:\/\/sanazarman.com\/en\/communication\/","og_site_name":"Sanaz Arman","article_publisher":"https:\/\/www.facebook.com\/sanazarmanpermanentmakeup\/?locale=tr_TR","article_modified_time":"2022-10-13T18:18:30+00:00","og_image":[{"url":"https:\/\/sanazarman.com\/wp-content\/uploads\/2022\/05\/Sanaz-Arman-1-1-683x1024.jpeg"}],"twitter_card":"summary_large_image","schema":{"@context":"https:\/\/schema.org","@graph":[{"@type":"WebPage","@id":"https:\/\/sanazarman.com\/en\/communication\/","url":"https:\/\/sanazarman.com\/en\/communication\/","name":"Communication - Sanaz Arman","isPartOf":{"@id":"https:\/\/sanazarman.com\/#website"},"primaryImageOfPage":{"@id":"https:\/\/sanazarman.com\/en\/communication\/#primaryimage"},"image":{"@id":"https:\/\/sanazarman.com\/en\/communication\/#primaryimage"},"thumbnailUrl":"https:\/\/sanazarman.com\/wp-content\/uploads\/2022\/05\/Sanaz-Arman-1-1-683x1024.jpeg","datePublished":"2021-04-12T10:37:15+00:00","dateModified":"2022-10-13T18:18:30+00:00","breadcrumb":{"@id":"https:\/\/sanazarman.com\/en\/communication\/#breadcrumb"},"inLanguage":"en-US","potentialAction":[{"@type":"ReadAction","target":["https:\/\/sanazarman.com\/en\/communication\/"]}]},{"@type":"ImageObject","inLanguage":"en-US","@id":"https:\/\/sanazarman.com\/en\/communication\/#primaryimage","url":"https:\/\/sanazarman.com\/wp-content\/uploads\/2022\/05\/Sanaz-Arman-1-1-683x1024.jpeg","contentUrl":"https:\/\/sanazarman.com\/wp-content\/uploads\/2022\/05\/Sanaz-Arman-1-1-683x1024.jpeg"},{"@type":"BreadcrumbList","@id":"https:\/\/sanazarman.com\/en\/communication\/#breadcrumb","itemListElement":[{"@type":"ListItem","position":1,"name":"Anasayfa","item":"https:\/\/sanazarman.com\/en\/"},{"@type":"ListItem","position":2,"name":"Communication"}]},{"@type":"WebSite","@id":"https:\/\/sanazarman.com\/#website","url":"https:\/\/sanazarman.com\/","name":"Sanaz Arman","description":"CONTURE MAKE-UP STUDIO &amp; ACADEMY","publisher":{"@id":"https:\/\/sanazarman.com\/#organization"},"potentialAction":[{"@type":"SearchAction","target":{"@type":"EntryPoint","urlTemplate":"https:\/\/sanazarman.com\/?s={search_term_string}"},"query-input":{"@type":"PropertyValueSpecification","valueRequired":true,"valueName":"search_term_string"}}],"inLanguage":"en-US"},{"@type":"Organization","@id":"https:\/\/sanazarman.com\/#organization","name":"Sanaz Arman","url":"https:\/\/sanazarman.com\/","logo":{"@type":"ImageObject","inLanguage":"en-US","@id":"https:\/\/sanazarman.com\/#\/schema\/logo\/image\/","url":"https:\/\/sanazarman.com\/wp-content\/uploads\/2022\/03\/cropped-sanaz-arman.png","contentUrl":"https:\/\/sanazarman.com\/wp-content\/uploads\/2022\/03\/cropped-sanaz-arman.png","width":235,"height":100,"caption":"Sanaz Arman"},"image":{"@id":"https:\/\/sanazarman.com\/#\/schema\/logo\/image\/"},"sameAs":["https:\/\/www.facebook.com\/sanazarmanpermanentmakeup\/?locale=tr_TR","https:\/\/www.instagram.com\/sanaz_arman_makeup\/"]}]}},"_links":{"self":[{"href":"https:\/\/sanazarman.com\/en\/wp-json\/wp\/v2\/pages\/2192","targetHints":{"allow":["GET"]}}],"collection":[{"href":"https:\/\/sanazarman.com\/en\/wp-json\/wp\/v2\/pages"}],"about":[{"href":"https:\/\/sanazarman.com\/en\/wp-json\/wp\/v2\/types\/page"}],"author":[{"embeddable":true,"href":"https:\/\/sanazarman.com\/en\/wp-json\/wp\/v2\/users\/1"}],"replies":[{"embeddable":true,"href":"https:\/\/sanazarman.com\/en\/wp-json\/wp\/v2\/comments?post=2192"}],"version-history":[{"count":1,"href":"https:\/\/sanazarman.com\/en\/wp-json\/wp\/v2\/pages\/2192\/revisions"}],"predecessor-version":[{"id":2193,"href":"https:\/\/sanazarman.com\/en\/wp-json\/wp\/v2\/pages\/2192\/revisions\/2193"}],"wp:attachment":[{"href":"https:\/\/sanazarman.com\/en\/wp-json\/wp\/v2\/media?parent=2192"}],"curies":[{"name":"wp","href":"https:\/\/api.w.org\/{rel}","templated":true}]}}